{"id":104,"date":"2022-02-05T00:59:48","date_gmt":"2022-02-05T00:59:48","guid":{"rendered":"https:\/\/sbpr.org.br\/radio2022\/about\/"},"modified":"2022-09-05T16:37:05","modified_gmt":"2022-09-05T16:37:05","slug":"programa","status":"publish","type":"page","link":"https:\/\/sbpr.org.br\/radio2022\/programa\/","title":{"rendered":"Programa"},"content":{"rendered":"\n\n\n\r\n<h1>Programa\u00e7\u00e3o RADIO 2022<\/h1>\r\n\n\n\n\n\n\n\n\n\n\n\n\nO certificado de participa\u00e7\u00e3o poder\u00e1 ser obtido no link&nbsp; https:\/\/radio22.conhecendo.com.br\/certificado.htm&nbsp; O login (email cadastrado) e a senha foram enviados na confirma\u00e7\u00e3o de sua inscri\u00e7\u00e3o. Certificados de palestrantes, mesas redondas e apresenta\u00e7\u00f5es orais ser\u00e3o enviados dentro de alguns dias por email.\n\n\n\n\n\n\n\r\n<h6>Cursos de atualiza\u00e7\u00e3o profissional<\/h6>\r\n\n\n<p style=\"text-align: center;\">ACESSE AQUI O&nbsp;<a href=\"https:\/\/forms.gle\/2kFLJjgpthGyfSc5A\">FORMUL\u00c1RIO DE INSCRI\u00c7\u00c3O PARA MINICURSOS &#8211; RADIO 2022<\/a>&nbsp;<\/p>\n\n\n<p><span style=\"font-weight: 700; padding: 0px; margin: 0px; overflow-wrap: break-word; font-family: Muli; text-align: left;\">Atualiza\u00e7\u00e3o para Supervisores e demais membros do Servi\u00e7o de Radioprote\u00e7\u00e3o<\/span><br><\/p>\n<p><span style=\"font-size: 14px;\">Investimento: R$100,00. Estudantes R$50,00.<\/span><\/p>\n<p><span style=\"font-size: 14px;\">Carga hor\u00e1ria: 4 horas.<\/span><\/p>\n\n\n<p><span style=\"font-weight: 700; text-align: left; text-transform: none; font-family: Muli;\">Licenciamento de instala\u00e7\u00f5es contendo NORM<\/span><strong>&nbsp;<\/strong>&nbsp;<span style=\"text-transform: none;\">&nbsp;<\/span><\/p>\n<p><span style=\"text-transform: none;\">Investimento: R<\/span>$100,00.&nbsp;<br>Estudantes&nbsp;<span style=\"text-transform: none;\">R$50<\/span>,00.<\/p>\n<p><span style=\"text-transform: none;\">Carga hor\u00e1ria: 4 horas.<\/span><\/p>\n\n\n<p><span style=\"font-weight: 700; padding: 0px; margin: 0px; overflow-wrap: break-word; font-family: Muli; text-align: left;\">Dosimetria em aplica\u00e7\u00f5es m\u00e9dicas<\/span><br><\/p>\n<p><span style=\"font-size: 14px;\">Investimento: R$100,00.<br>Esrudantes&nbsp;<\/span>R$50,00.&nbsp;<\/p>\n<p>Carga hor\u00e1ria: 3 horas.<\/p>\n\n\n\n\n\n\n<h6>Programa\u00e7\u00e3o cient\u00edfica preliminar<\/h6>\n\n\n\n\n\n\n\n\n\n\n\nClique aqui para conferir!\n\n\n\n\n\n<h6>Palestrantes confirmados<\/h6>\n\n\n\n\n\n<p>The basis for the&nbsp; radiation protection system and future challenges<br><\/p>\n<p>Valorization of NORM residues according to the circular economy and the role of Radiation Protection<\/p>\n<p>Plano de Comunica\u00e7\u00e3o Social do Setor Nuclear<\/p>\n<p>Knowledge Management in Radiological Protection<\/p>\n<p>Desafios e oportunidades em irradia\u00e7\u00e3o de alimentos<\/p>\n<p>Desafios da radioprote\u00e7\u00e3o ambiental<\/p>\n<p>Desafios da irradia\u00e7\u00e3o de alimentos<\/p>\n\n\n<p>Challenges of environmental radiation protection and remediation<\/p>\n<p>Practical experiences on NORM waste management with valorization of residues<\/p>\n<p>Review of the Basic Brazilian Safety Standard<\/p>\n<p>Challenges on radiation protection of the environment<\/p>\n<p>Gest\u00e3o do Conhecimento para o setor nuclear<\/p>\n<p>Exemplos de valoriza\u00e7\u00e3o&nbsp; dos res\u00edduos NORM<\/p>\n\n\n","protected":false},"excerpt":{"rendered":"","protected":false},"author":1,"featured_media":0,"parent":0,"menu_order":0,"comment_status":"closed","ping_status":"closed","template":"","meta":{"pagelayer_contact_templates":[],"_pagelayer_content":"","footnotes":""},"class_list":["post-104","page","type-page","status-publish","hentry"],"_links":{"self":[{"href":"https:\/\/sbpr.org.br\/radio2022\/wp-json\/wp\/v2\/pages\/104","targetHints":{"allow":["GET"]}}],"collection":[{"href":"https:\/\/sbpr.org.br\/radio2022\/wp-json\/wp\/v2\/pages"}],"about":[{"href":"https:\/\/sbpr.org.br\/radio2022\/wp-json\/wp\/v2\/types\/page"}],"author":[{"embeddable":true,"href":"https:\/\/sbpr.org.br\/radio2022\/wp-json\/wp\/v2\/users\/1"}],"replies":[{"embeddable":true,"href":"https:\/\/sbpr.org.br\/radio2022\/wp-json\/wp\/v2\/comments?post=104"}],"version-history":[{"count":104,"href":"https:\/\/sbpr.org.br\/radio2022\/wp-json\/wp\/v2\/pages\/104\/revisions"}],"predecessor-version":[{"id":1156,"href":"https:\/\/sbpr.org.br\/radio2022\/wp-json\/wp\/v2\/pages\/104\/revisions\/1156"}],"wp:attachment":[{"href":"https:\/\/sbpr.org.br\/radio2022\/wp-json\/wp\/v2\/media?parent=104"}],"curies":[{"name":"wp","href":"https:\/\/api.w.org\/{rel}","templated":true}]}}