{"id":936,"date":"2022-06-11T19:44:18","date_gmt":"2022-06-11T19:44:18","guid":{"rendered":"https:\/\/sbpr.org.br\/radio2022\/about\/"},"modified":"2022-08-13T16:31:06","modified_gmt":"2022-08-13T16:31:06","slug":"wednesday","status":"publish","type":"page","link":"https:\/\/sbpr.org.br\/radio2022\/wednesday\/","title":{"rendered":"Wednesday 17\/08"},"content":{"rendered":"\n\n\n\r\n<h1>Wednesday 17\/08<\/h1>\r\n\n\n\n\n\n\n<h6>8h00 \u00e0s 9h00<\/h6>\n<p>Cursos de atualiza\u00e7\u00e3o profissional<strong><br><br><\/strong><\/p><p><strong>RC 01 &#8211; Atualiza\u00e7\u00e3o para Supervisores e demais membros do Servi\u00e7o de Radioprote\u00e7\u00e3o<\/strong><\/p><p>(Refreshing course for Supervisors and other Radiation Protection Service professionals)<\/p><p>Professor: Alfredo Lopes Ferreira Filho (IRD\/CNEN) e&nbsp;Matias Puga Sanches (IPEN)<br><\/p><p>Sala: Teatro<\/p><p><strong><br><\/strong><\/p><p><strong>RC 02b \u2013 Licenciamento de instala\u00e7\u00f5es contendo NORM: Exporta\u00e7\u00e3o e destina\u00e7\u00e3o final<\/strong><\/p><p>(Licensing of facilities containing NORM: Export and final destination)<\/p><p>Professor: Leandro Rodrigues (LOTUS)<\/p><p>Sala: Audit\u00f3rio<\/p><p><strong><br><\/strong><\/p><p><strong>RC 03b &#8211; Dosimetria em aplica\u00e7\u00f5es m\u00e9dicas: Dose em \u00f3rg\u00e3os<\/strong><\/p><p>(Dosimetry in medical applications: doses in organs and optimization of CT procedures)<\/p><p>Professor: Paulo Roberto Costa&nbsp;(IFUSP)<\/p><p>Sala: Sal\u00e3o de Ch\u00e1<\/p><p><br><\/p>\n\n<h6>9h00 \u00e0s 10h30<\/h6>\n<p><strong>RT 06 &#8211;&nbsp;Review of the Basic Brazilian Safety Standard<\/strong><br>Chair:&nbsp;Eliana Amaral (CNEN)<br>Palestrantes:&nbsp;Mariza Ramalho Franklin, L\u00eddia Vasconcellos de S\u00e1, Luiz Ernesto Santos de Carvalho Matta, Marco Antonio Bayout Alvarenga, Flavia Schenato, Paulo Renato Barbosa Marinho, Roges de Oliveira<\/p>\n<p>Local: Teatro<\/p>\n\n\r\n<h6>10h30 \u00e0s 11h00<\/h6>\r\n<p>Coffee break e apresenta\u00e7\u00e3o de p\u00f4steres<\/p>\r\n\n\n<h6>11h00 \u00e0s 12h00<\/h6>\n<p><span style=\"font-weight: 700;\">RT 07 &#8211; Maternity and its challenges in the workplace<\/span><br>Chair:&nbsp;M\u00e9rcia de Oliveira<br>Palestrantes:&nbsp;Nic\u00e9a Carvalho dos Santos Barreto (ETN), L\u00eddia Vasconcellos de S\u00e1 (IRD\/CNEN), Fernanda Staniscuaski (Parent In Science)<br><\/p><p>Local: Teatro<br><br><\/p><p><span style=\"font-weight: 700;\">RT 08 &#8211; Valorization of NORM residues according to the circular economy and the role of radiation protection<\/span><br>Chair:&nbsp;Flavia Schenato<br>Palestrantes:&nbsp;Analia Cecilia Canoba (ARN), Horst Monken Fernandes&nbsp;(IAEA)<br><\/p><p>Local: Audit\u00f3rio<\/p><p><strong><br>TL 06 &#8211; Radiological protection in new nuclear medicine procedures<\/strong><br>Chair:&nbsp;Eder Rezende Moraes (USP campus Ribeir\u00e3o Preto)<br>Palestrante:&nbsp;Ilo Batista (Hospital Moinhos de Vento)<\/p>\n<p>Local: Sal\u00e3o de ch\u00e1<\/p>\n\n<h6>12h00 \u00e0s 13h00<\/h6>\n<p><span style=\"font-weight: 700;\">RT 09 &#8211; Women and the Scissor Effect in the nuclear sector: Solutions for Brazil<\/span><br>Chair:&nbsp;Jana\u00edna Dutra Silvestre Mendes (INCA &amp; WiN Brasil)<br>Palestrantes:&nbsp;M\u00e1rcia Barbosa (UFRGS), Melina Belinco (&nbsp;Women In Nuclear Global), Veronica Garea (Fundaci\u00f3n INVAP)<br><\/p><p>Local: Teatro&nbsp;<\/p><p><strong><br><\/strong><span style=\"font-weight: 700;\">RT 10 &#8211; Practical experiences on NORM waste management with valorization of residues<\/span><br>Chair:&nbsp;Barbara Paci Mazzilli (IPEN)<br>Palestrantes:&nbsp;Luis Lopez &nbsp;(CNEA), Horst Monken Fernandes (IAEA), Ana C\u00e9lia Sobreira (ACERTS),&nbsp;Vanderlei Vila\u00e7a de Moura (DEN-UFMG)<br>Local: Audit\u00f3rio<br><strong><br>TL 07 &#8211; Radiological Protection in new techniques in radiotherapy<br><\/strong>Chair:&nbsp;Cassiana Viccari Sacilotto (USP campus Ribeir\u00e3o Prteto)<br>Palestrantes:&nbsp;Patr\u00edcia Nicolucci (DF-FFCLRP-USP)<strong><br><\/strong><\/p>\n<p>Local: Sal\u00e3o de ch\u00e1&nbsp;<\/p>\n\n<h6>13h00 \u00e0s 14h30<\/h6>\n<p>Almo\u00e7o<\/p>\n\n<h6>14h30 \u00e0s 15h30<\/h6>\n<p><span style=\"font-weight: 700;\">WS 01 &#8211; Women in leadership and management<\/span><br>Chair:&nbsp;Isabella Magalh\u00e3es&nbsp;<br>Palestrante:&nbsp;Cl\u00e1udia Silva&nbsp;(Projeto Aqualtune)<br><\/p><p>Local: Teatro&nbsp;<br><br><\/p><p><span style=\"font-weight: 700;\">RT 11 &#8211; Challenges of environmental characterization and capacity building<\/span><br>Chair:&nbsp;Rodrigo Bonif\u00e1cio<br>Palestrantes: Jos\u00e9 Marcus de Oliveira Godoy &nbsp;(PUC-Rio), Isabel Cristina Carrasco (Ambientis Radioprote\u00e7\u00e3o), Camila Gerdes Gyuricza Silva (GLP Laborat\u00f3rios)<br><\/p><p>Local: Audit\u00f3rio<\/p><p><strong><br>RT 12 &#8211; Challenges in Radiological Protection in Fluoroscopy<\/strong><br>Chair:&nbsp;L\u00eddia Vasconcelos de S\u00e1 (IRD)<br>Palestrantes: Rochelle Likawka (Hospital de Cl\u00ednicas de Porto Alegre), Lucia Canevaro (IRD)<br><\/p>\n<p>Local: Sal\u00e3o de ch\u00e1<br><\/p>\n\n<h6>15h30 \u00e0s 17h10<\/h6>\n<p><span style=\"font-weight: 700;\">Sess\u00e3o Oral 04 \u2013 Equidade de G\u00eanero<br><\/span><\/p><p><span style=\"font-weight: 700;\">Sala: Teatro<\/span><\/p><p><span style=\"font-weight: 700;\">Coordenador da Sess\u00e3o: Denise Levy<\/span><\/p><p><span style=\"font-weight: 700;\">Vice Coordenador: Danila Dias<\/span><\/p><p><br><\/p><p>RE9 &#8211; Brazilian Nuclear Sector: an analysis of the sociocultural profile of women working in nuclear research and technological development institutions (Santos, A. G. M., Engler, C., Suzart, K. F., Rodrigues, P. S.)<\/p><p>RE33 &#8211; Sobre a equidade de g\u00eanero na gradua\u00e7\u00e3o em Engenharia Nuclear no Brasil: a iniquidade de g\u00eanero como resposta a uma rea\u00e7\u00e3o em cadeia do passado brasileiro (CARVALHO DA SILVA Gabriely, MELO MONTEIRO Vin\u00edcius)<\/p><p>RE115 &#8211; G\u00eanero na autoria de trabalhos cient\u00edficos da \u00e1rea nuclear: o exemplo da Internacional Nuclear Atlantic Conference (Magalh\u00e3es I., Cordeiro R. O., Calabria J., Borges F. L. S., Dias D. C. S., Oliveira M.)<\/p><p>RE122 &#8211; Homens e mulheres nas diretorias de uma associa\u00e7\u00e3o de classe: reflexos da economia do cuidado.<span style=\"white-space: pre;\">\t<\/span>(Mendes J. D. S)<\/p><p>RE129 &#8211; Evolu\u00e7\u00e3o nas ocupa\u00e7\u00f5es por g\u00eanero de Indiv\u00edduos Ocupacionalmente Expostos \u00e0 radia\u00e7\u00e3o (IOEs) nos registros de um servi\u00e7o de dosimetria no Brasil<span style=\"white-space: pre;\">\t<\/span>(Mascarenhas Y. M., Villani D., Magon M. F. A., Ribeiro C.T. M.)<br><br><\/p><p><span style=\"font-weight: 700;\">Sess\u00e3o Oral 05 \u2013 Instrumenta\u00e7\u00e3o Nuclear, Radiometria e Dosimetria (1)<\/span><\/p><p><span style=\"font-weight: 700;\">Sala: Audit\u00f3rio<\/span><\/p><p><span style=\"font-weight: 700;\">Coordenador da Sess\u00e3o: Maria da Penha Potiens&nbsp;<\/span><\/p><p><span style=\"font-weight: 700;\">Vice Coordenador: Valeria Pastura<\/span><\/p><p><br><\/p><p>RE38 &#8211; Assessment of energy and angular dependence of LiF:Mg,Ti dosimeters irradiated in the quality Hp(0.07)<span style=\"white-space: pre;\">\t<\/span>(Nascimento G. G., Silva C. R., Campos V. P., Campos L. L.)<\/p><p>RE44 &#8211; Estudo de Homogeneidade em Candidato a Material de Refer\u00eancia para Medidas de Concentra\u00e7\u00e3o de Atividade de 40K, 226Ra e 228Ra em Matriz de Areia Rica em Monazita<span style=\"white-space: pre;\">\t<\/span>(Marques B. R., Filgueira R. A., Silva A.X.)<\/p><p>RE51 &#8211; Aplica\u00e7\u00e3o de fitas OSL na dosimetria em TC conforme a metodologia da AAPM (Terini, R. A., Oliveira, J. D., Yoshimura, E. M.)<\/p><p>RE70 &#8211; Desenvolvimento de um novo Simulador de Tireoide-Pesco\u00e7o para calibra\u00e7\u00e3o de sistemas de monitora\u00e7\u00e3o de indiv\u00edduos ocupacionalmente expostos a I-131 em Servi\u00e7os de Medicina Nuclear<span style=\"white-space: pre;\">\t<\/span>(Dantas A. L. A., Lucena E. A., Rosa A. C., Dantas L. A., Dantas B. M.)<\/p><p>RE111 &#8211; Evaluation of resin-based samples as tissue-equivalent materials using a CdTe spectrometer Boiset G. R., Rosinelli R. R., Freire G., Moura R. A. S., Oliveira J. P.,Moratta R., Yoshimura E. M., Costa P. R.)<\/p><p><strong><br>Sess\u00e3o Oral 06 \u2013 PR de Pacientes<br><\/strong><\/p><p><strong>Sala: Sal\u00e3o de Ch\u00e1<\/strong><\/p><p><strong>Coordenador da Sess\u00e3o: L\u00eddia S\u00e1<\/strong><\/p><p><strong>Vice Coordenador: Cl\u00e1udio Domingues<\/strong><\/p><p><br><\/p><p>RE10 &#8211; Avalia\u00e7\u00e3o da precis\u00e3o de modelos de c\u00e1lculo de dose e an\u00e1lise dosim\u00e9trica da influ\u00eancia da pr\u00f3tese de quadril em tratamentos de neoplasias p\u00e9lvicas<span style=\"white-space:pre\">\t<\/span>(Copetti D., Flosi A.A.)<\/p><p>RE60 &#8211; Optimization Protocols for Head CT scan with PMMA Phantoms<span style=\"white-space:pre\">\t<\/span>(Santos F. S., Portela C. F. T., Reis E. S, Mour\u00e3o A. P.)<\/p><p>RE93 &#8211; Radioiodinated polymers for SPECT imaging in vascular embolization procedures<span style=\"white-space:pre\">\t<\/span>(Loureiro K. V. A. S., Ara\u00fajo, N. A., Pinheiro L. C., Carvalheira L.)<\/p><p>RE 123 &#8211; Desenvolvimento de um sistema de avalia\u00e7\u00e3o de aparelhos de raios x odontol\u00f3gicos por via postal<span style=\"white-space:pre\">\t<\/span>(Nathalia Lima)<\/p><p>RE142 &#8211; Perfil de dose em tomografia computadorizada para um feixe de 120 kV em um objeto simulador de cabe\u00e7a<span style=\"white-space:pre\">\t<\/span>(Souza, G. C.A., Santos, F. S., Portela, C. F. T., Mour\u00e3o, A. P.)<\/p>\n\n<h6>17h10 \u00e0s 17h40<\/h6>\n<p>Coffee break e apresenta\u00e7\u00e3o de p\u00f4steres<\/p>\n\n<h6>17h40 \u00e0s 18h10<\/h6>\n<p>Plen\u00e1ria de encerramento &#8211; Conclus\u00f5es dos trabalhos do dia<br>Palestrantes:&nbsp;Danila Dias (Win Brasil), Eliana Amaral (CNEN)<br><\/p>\n<p>Local: Teatro<\/p>\n\n<h6>18h30 \u00e0s 20h00<\/h6>\n<p>Assembleia Geral Ordin\u00e1ria da SBPR<\/p>\n\n<h6>Programa social noturno<\/h6>\n<p>Karaoke Night no New York Pub&nbsp;<br>Vamos nos divertir e socializar!<br>Entrada R$20,00<\/p>\n\n\n\n","protected":false},"excerpt":{"rendered":"","protected":false},"author":1,"featured_media":0,"parent":0,"menu_order":0,"comment_status":"closed","ping_status":"closed","template":"","meta":{"pagelayer_contact_templates":[],"_pagelayer_content":"","footnotes":""},"class_list":["post-936","page","type-page","status-publish","hentry"],"_links":{"self":[{"href":"https:\/\/sbpr.org.br\/radio2022\/wp-json\/wp\/v2\/pages\/936","targetHints":{"allow":["GET"]}}],"collection":[{"href":"https:\/\/sbpr.org.br\/radio2022\/wp-json\/wp\/v2\/pages"}],"about":[{"href":"https:\/\/sbpr.org.br\/radio2022\/wp-json\/wp\/v2\/types\/page"}],"author":[{"embeddable":true,"href":"https:\/\/sbpr.org.br\/radio2022\/wp-json\/wp\/v2\/users\/1"}],"replies":[{"embeddable":true,"href":"https:\/\/sbpr.org.br\/radio2022\/wp-json\/wp\/v2\/comments?post=936"}],"version-history":[{"count":26,"href":"https:\/\/sbpr.org.br\/radio2022\/wp-json\/wp\/v2\/pages\/936\/revisions"}],"predecessor-version":[{"id":1139,"href":"https:\/\/sbpr.org.br\/radio2022\/wp-json\/wp\/v2\/pages\/936\/revisions\/1139"}],"wp:attachment":[{"href":"https:\/\/sbpr.org.br\/radio2022\/wp-json\/wp\/v2\/media?parent=936"}],"curies":[{"name":"wp","href":"https:\/\/api.w.org\/{rel}","templated":true}]}}