{"id":953,"date":"2022-06-11T20:37:06","date_gmt":"2022-06-11T20:37:06","guid":{"rendered":"https:\/\/sbpr.org.br\/radio2022\/about\/"},"modified":"2022-08-17T03:32:20","modified_gmt":"2022-08-17T03:32:20","slug":"friday","status":"publish","type":"page","link":"https:\/\/sbpr.org.br\/radio2022\/friday\/","title":{"rendered":"Friday 19\/08"},"content":{"rendered":"\n\n\n\r\n<h1>Friday 19\/08<\/h1>\r\n\n\n\n\n\n\n<h6>8h00 \u00e0s 9h00<\/h6>\n<p>Cursos de atualiza\u00e7\u00e3o profissional<strong><br><br><\/strong><\/p><p><strong>RC 01 &#8211; Atualiza\u00e7\u00e3o para Supervisores e demais membros do Servi\u00e7o de Radioprote\u00e7\u00e3o<\/strong><\/p><p>(Refreshing course for Supervisors and other Radiation Protection Service professionals)<\/p><p>Professor: Alfredo Lopes Ferreira Filho (IRD\/CNEN) e&nbsp;Matias Puga Sanches (IPEN)<br><\/p><p>Sala: Teatro<strong><br><br><\/strong><\/p><p><strong>RC 02d \u2013 Licenciamento de instala\u00e7\u00f5es contendo NORM: Licenciamento da CNEN&nbsp;<\/strong><br><\/p><p>(Licensing of facilities containing NORM: CNEN Licensing)<\/p><p>Professor: Nerbe Jos\u00e9 Ruperti Junior (CNEN-RJ)<\/p><p>Sala: Audit\u00f3rio<\/p>\n\n<h6>9h00 \u00e0s 10h30<\/h6>\n<p>RT 21 &#8211; The new Brazilian regulatory framework<br>Chair:&nbsp;<br>Palestrantes:&nbsp;<\/p>\n<p>Local: Teatro<\/p>\n\n<h6>10h30 \u00e0s 11h00<\/h6>\n<p>Plenary Final Session<br>Local: Teatro<\/p>\n\n<h6>11h00 \u00e0s 12h00<\/h6>\n<p>Homenagens e premia\u00e7\u00f5es<\/p>\n<p>Plen\u00e1ria de encerramento<\/p>\n<p>Local: Teatro<\/p>\n\n<h6>T\u00e9rmino da RADIO 2022<\/h6>\n\n<h6>13h30 \u00e0s 17h30<\/h6>\n<p>Scientific visit to INB uranium mine<br><\/p>\n\n\n\n\n","protected":false},"excerpt":{"rendered":"","protected":false},"author":1,"featured_media":0,"parent":0,"menu_order":0,"comment_status":"closed","ping_status":"closed","template":"","meta":{"pagelayer_contact_templates":[],"_pagelayer_content":"","footnotes":""},"class_list":["post-953","page","type-page","status-publish","hentry"],"_links":{"self":[{"href":"https:\/\/sbpr.org.br\/radio2022\/wp-json\/wp\/v2\/pages\/953","targetHints":{"allow":["GET"]}}],"collection":[{"href":"https:\/\/sbpr.org.br\/radio2022\/wp-json\/wp\/v2\/pages"}],"about":[{"href":"https:\/\/sbpr.org.br\/radio2022\/wp-json\/wp\/v2\/types\/page"}],"author":[{"embeddable":true,"href":"https:\/\/sbpr.org.br\/radio2022\/wp-json\/wp\/v2\/users\/1"}],"replies":[{"embeddable":true,"href":"https:\/\/sbpr.org.br\/radio2022\/wp-json\/wp\/v2\/comments?post=953"}],"version-history":[{"count":11,"href":"https:\/\/sbpr.org.br\/radio2022\/wp-json\/wp\/v2\/pages\/953\/revisions"}],"predecessor-version":[{"id":1144,"href":"https:\/\/sbpr.org.br\/radio2022\/wp-json\/wp\/v2\/pages\/953\/revisions\/1144"}],"wp:attachment":[{"href":"https:\/\/sbpr.org.br\/radio2022\/wp-json\/wp\/v2\/media?parent=953"}],"curies":[{"name":"wp","href":"https:\/\/api.w.org\/{rel}","templated":true}]}}