{"id":179,"date":"2024-03-11T13:20:37","date_gmt":"2024-03-11T13:20:37","guid":{"rendered":"https:\/\/sbpr.org.br\/radio2024\/?page_id=179"},"modified":"2024-08-03T22:53:10","modified_gmt":"2024-08-03T22:53:10","slug":"local","status":"publish","type":"page","link":"https:\/\/sbpr.org.br\/radio2024\/local\/","title":{"rendered":"Local"},"content":{"rendered":"\n\n\n<h1><strong style=\"color: rgb(255, 255, 255);\">Evento &amp; Turismo<\/strong><\/h1>\n\n\n\n\n\n\n\n\n\n\n\n\n<h2>Local do evento<\/h2>\n\n<p class=\"MsoNormal\"><span lang=\"PT-BR\">A RADIO 2024 acontecer\u00e1 no&nbsp;Windsor Barra Hotel &#8211;&nbsp;<o:p><\/o:p><\/span>Av. L\u00facio Costa, 2630 &#8211; Barra da Tijuca, Rio de Janeiro &#8211; RJ, 22620-172 &#8211; Tel: (21) 2195-5000<\/p>\n<iframe src=\"https:\/\/www.google.com\/maps\/embed?pb=!1m18!1m12!1m3!1d3672.3269078690428!2d-43.32434162468651!3d-23.011766179181365!2m3!1f0!2f0!3f0!3m2!1i1024!2i768!4f13.1!3m3!1m2!1s0x9bd09845246db7%3A0xb34e24b8b17675c5!2sWindsor%20Barra%20Hotel!5e0!3m2!1sfr!2sbr!4v1710163117384!5m2!1sfr!2sbr\" width=\"100%\" height=\"450\" style=\"border:0;\" allowfullscreen=\"\" loading=\"lazy\" referrerpolicy=\"no-referrer-when-downgrade\"><\/iframe>\n\n\n\n\n\n\n\n\n<h2>Descontos em hospedagem<\/h2>\n\n<p style=\"text-align: justify;\">Os valores abaixo, para congressistas e seus acompanhantes, s\u00e3o v\u00e1lidos para compras com a <strong>BLUMAR Turismo<\/strong>,&nbsp;ag\u00eancia oficial da International Joint Conference Radio 2024.&nbsp;Anote os contatos da <strong>BLUMAR Turismo<\/strong>:<br><\/p><p style=\"text-align: justify;\">&#8211; E-mail: corporativo@blumar.com.br<\/p><p style=\"text-align: justify;\">&#8211; Website: <a href=\"https:\/\/eventos.blumar.com.br\/radio2024\">https:\/\/eventos.blumar.com.br\/radio2024<\/a><\/p><p style=\"text-align: justify;\">&#8211; WhatsApp: 21 99114-4780<\/p><p style=\"text-align: justify;\">&#8211; Fixo: 21 2142-9315<\/p><p style=\"text-align: justify;\">&#8211; Plant\u00e3o Emergencial:21 99662-0693<\/p><p style=\"text-align: justify;\">&#8211; Endere\u00e7o: Rua Siqueira Campos 43 &#8211; cob 02 | Copacabana | Rio de Janeiro | Brasil<\/p>\n<p><strong>Windsor Tower Hotel&nbsp; &#8211; 4 estrelas<\/strong><\/p><p>R. Martinho de Mesquita, 150 &#8211; Barra da Tijuca, Rio de Janeiro \u2013 RJ<\/p><p>Dist\u00e2ncia do evento: 0,5 KM<\/p><p>Tarifas com caf\u00e9 da manh\u00e3 incluso categoria standard&nbsp; \u00e0 partir de R$ 399,60*&nbsp; + taxas<\/p><p>*Tarifas flutuantes sujeitas a altera\u00e7\u00e3o e disponibilidade no ato da reserva<\/p><p><strong><br><\/strong><\/p><p><strong>Radisson Rio de Janeiro Barra&nbsp; &#8211; 4 estrelas<\/strong><\/p><p>Av. Evandro Lins e Silva, 600 &#8211; Barra da Tijuca, Rio de Janeiro &#8211; RJ, 22631-010<\/p><p>Dist\u00e2ncia do evento: 3,3 KM<\/p><p>Tarifas com caf\u00e9 da manh\u00e3 incluso categoria superior \u00e0 partir de R$ 405,228* + taxas<\/p><p>*Tarifas flutuantes sujeitas a altera\u00e7\u00e3o e disponibilidade no ato da reserva<\/p><p><strong><br><\/strong><\/p><p><strong>Windsor Barra Hotel&nbsp; &#8211; 5 estrelas<\/strong><\/p><p>Av. L\u00facio Costa, 2630 &#8211; Barra da Tijuca, Rio de Janeiro \u2013 RJ<\/p><p>Dist\u00e2ncia do evento: Local do Evento<\/p><p>Tarifas com caf\u00e9 da manh\u00e3 incluso categoria superior \u00e0 partir de R$ 544,28* + taxas<\/p><p>*Tarifas flutuantes sujeitas a altera\u00e7\u00e3o e disponibilidade no ato da reserva<\/p><p><strong><br><\/strong><\/p><p><strong>Windsor Oceanico&nbsp; &#8211; 4 estrelas<\/strong><\/p><p>R. Martinho de Mesquita, 129 &#8211; Barra da Tijuca, Rio de Janeiro \u2013 RJ<\/p><p>Dist\u00e2ncia do evento: 0,5 KM<\/p><p>Tarifas com caf\u00e9 da manh\u00e3 incluso categoria superior \u00e0 partir de R$ 567,00* + taxas<\/p><p>*Tarifas flutuantes sujeitas a altera\u00e7\u00e3o e disponibilidade no ato da reserva<\/p>\n\n\n\n\n\n\n\n\n<h2>Conhe\u00e7a o Rio de Janeiro<\/h2>\n\n<p style=\"text-align: justify;\"><br><\/p>\n\n\n\n\n\n\n\n\n\n\n\n","protected":false},"excerpt":{"rendered":"","protected":false},"author":1,"featured_media":0,"parent":0,"menu_order":0,"comment_status":"closed","ping_status":"closed","template":"","meta":{"pagelayer_contact_templates":[],"_pagelayer_content":"","footnotes":""},"class_list":["post-179","page","type-page","status-publish","hentry"],"_links":{"self":[{"href":"https:\/\/sbpr.org.br\/radio2024\/wp-json\/wp\/v2\/pages\/179","targetHints":{"allow":["GET"]}}],"collection":[{"href":"https:\/\/sbpr.org.br\/radio2024\/wp-json\/wp\/v2\/pages"}],"about":[{"href":"https:\/\/sbpr.org.br\/radio2024\/wp-json\/wp\/v2\/types\/page"}],"author":[{"embeddable":true,"href":"https:\/\/sbpr.org.br\/radio2024\/wp-json\/wp\/v2\/users\/1"}],"replies":[{"embeddable":true,"href":"https:\/\/sbpr.org.br\/radio2024\/wp-json\/wp\/v2\/comments?post=179"}],"version-history":[{"count":8,"href":"https:\/\/sbpr.org.br\/radio2024\/wp-json\/wp\/v2\/pages\/179\/revisions"}],"predecessor-version":[{"id":372,"href":"https:\/\/sbpr.org.br\/radio2024\/wp-json\/wp\/v2\/pages\/179\/revisions\/372"}],"wp:attachment":[{"href":"https:\/\/sbpr.org.br\/radio2024\/wp-json\/wp\/v2\/media?parent=179"}],"curies":[{"name":"wp","href":"https:\/\/api.w.org\/{rel}","templated":true}]}}