{"id":234,"date":"2024-03-29T16:40:44","date_gmt":"2024-03-29T16:40:44","guid":{"rendered":"https:\/\/sbpr.org.br\/radio2024\/?page_id=234"},"modified":"2024-09-11T21:19:20","modified_gmt":"2024-09-11T21:19:20","slug":"inscricoes","status":"publish","type":"page","link":"https:\/\/sbpr.org.br\/radio2024\/inscricoes\/","title":{"rendered":"Inscri\u00e7\u00f5es"},"content":{"rendered":"\n\n\n<h1><strong style=\"color: rgb(255, 255, 255);\">Inscri\u00e7\u00f5es<\/strong><\/h1>\n\n\n\n\n\n\n\n\n\n\n\n\n<h2>Prepare-se para a RADIO 2024!<\/h2>\n\n<p style=\"text-align: justify;\">Realizada a cada 2 anos, a RADIO \u00e9 tradicionalmente o evento de prote\u00e7\u00e3o radiol\u00f3gica mais expressivo da comunidade radioprotecionista, constituindo-se no maior f\u00f3rum de discuss\u00f5es e troca de experi\u00eancias, apresenta\u00e7\u00e3o de inova\u00e7\u00f5es e tend\u00eancias, compartilhamento da informa\u00e7\u00e3o cient\u00edfica e network profissional. Prepare seu abstract para a RADIO 2024 e fique atento \u00e0s datas limite para inscri\u00e7\u00f5es com desconto.&nbsp;&nbsp;<strong>Confira os valores e programe-se!<\/strong><\/p>\n\n\n\n\n\n<h4>Inscri\u00e7\u00f5es antecipadas at\u00e9 14\/07\/2024<\/h4>\n\n<p style=\"text-align: justify;\">Profissionais: R$1.000,00<\/p><p style=\"text-align: justify;\">T\u00e9cnicos e estudantes: R$720,00<\/p><p style=\"text-align: justify;\">Associados SBPR (profissionais): R$800,00<\/p><p style=\"text-align: justify;\">Associados SBPR (t\u00e9cnicos e estudantes): R$560,00<\/p>\n\n\n\n\n<h4>Inscri\u00e7\u00f5es antecipadas at\u00e9 14\/08\/2024<\/h4>\n\n<p style=\"text-align: justify;\">Profissionais: R$1200,00<\/p><p style=\"text-align: justify;\">T\u00e9cnicos e estudantes: R$810,00<\/p><p style=\"text-align: justify;\">Associados SBPR (profissionais): R$900,00<\/p><p style=\"text-align: justify;\">Associados SBPR (t\u00e9cnicos e estudantes): R$630,00<\/p>\n\n\n\n\n<h4>Inscri\u00e7\u00f5es antecipadas at\u00e9 10\/10\/2024<\/h4>\n\n<p style=\"text-align: justify;\">Profissionais: R$1500,00<\/p><p style=\"text-align: justify;\">T\u00e9cnicos e estudantes: R$900,00<\/p><p style=\"text-align: justify;\">Associados SBPR (profissionais): R$1000,00<\/p><p style=\"text-align: justify;\">Associados SBPR (t\u00e9cnicos e estudantes): R$700,00<\/p>\n\n\n\n\n<h4>Inscri\u00e7\u00f5es no local<\/h4>\n\n<p style=\"text-align: justify;\">Profissionais: R$2000,00<\/p><p style=\"text-align: justify;\">T\u00e9cnicos e estudantes: R$1000,00<\/p><p style=\"text-align: justify;\">Associados SBPR (profissionais): R$1500,00<\/p><p style=\"text-align: justify;\">Associados SBPR (t\u00e9cnicos e estudantes): R$800,00<\/p>\n\n\n\n\n<h4>Pacotes para empresas\/ institui\u00e7\u00f5es<\/h4>\n\n<p style=\"text-align: justify;\">A organiza\u00e7\u00e3o da International Joint Conference est\u00e1 elaborando pacotes para empresas e institui\u00e7\u00f5es.<br>Em breve disponibilizaremos informa\u00e7\u00f5es e valores..<\/p>\n\n\n\n\n\n\n","protected":false},"excerpt":{"rendered":"","protected":false},"author":1,"featured_media":0,"parent":0,"menu_order":0,"comment_status":"closed","ping_status":"closed","template":"","meta":{"pagelayer_contact_templates":[],"_pagelayer_content":"","footnotes":""},"class_list":["post-234","page","type-page","status-publish","hentry"],"_links":{"self":[{"href":"https:\/\/sbpr.org.br\/radio2024\/wp-json\/wp\/v2\/pages\/234","targetHints":{"allow":["GET"]}}],"collection":[{"href":"https:\/\/sbpr.org.br\/radio2024\/wp-json\/wp\/v2\/pages"}],"about":[{"href":"https:\/\/sbpr.org.br\/radio2024\/wp-json\/wp\/v2\/types\/page"}],"author":[{"embeddable":true,"href":"https:\/\/sbpr.org.br\/radio2024\/wp-json\/wp\/v2\/users\/1"}],"replies":[{"embeddable":true,"href":"https:\/\/sbpr.org.br\/radio2024\/wp-json\/wp\/v2\/comments?post=234"}],"version-history":[{"count":12,"href":"https:\/\/sbpr.org.br\/radio2024\/wp-json\/wp\/v2\/pages\/234\/revisions"}],"predecessor-version":[{"id":476,"href":"https:\/\/sbpr.org.br\/radio2024\/wp-json\/wp\/v2\/pages\/234\/revisions\/476"}],"wp:attachment":[{"href":"https:\/\/sbpr.org.br\/radio2024\/wp-json\/wp\/v2\/media?parent=234"}],"curies":[{"name":"wp","href":"https:\/\/api.w.org\/{rel}","templated":true}]}}