{"id":358,"date":"2024-07-18T16:58:30","date_gmt":"2024-07-18T16:58:30","guid":{"rendered":"https:\/\/sbpr.org.br\/radio2024\/?page_id=358"},"modified":"2024-10-05T15:42:20","modified_gmt":"2024-10-05T15:42:20","slug":"programacao","status":"publish","type":"page","link":"https:\/\/sbpr.org.br\/radio2024\/programacao\/","title":{"rendered":"Programa\u00e7\u00e3o"},"content":{"rendered":"\n\n\n<h1><strong style=\"color: rgb(255, 255, 255);\">Programa\u00e7\u00e3o cient\u00edfica<\/strong><\/h1>\n\n\n\n\n\n\n\n\n\n\n\n\n<h2>Programa\u00e7\u00e3o preliminar<\/h2>\n\n<p class=\"MsoNormal\">Confira as datas e hor\u00e1rios para a realiza\u00e7\u00e3o do maior evento de prote\u00e7\u00e3o radiol\u00f3gica da Am\u00e9rica Latina! Programe desde j\u00e1 sua viagem, passagens e estadia. Ao longo do pr\u00f3ximo m\u00eas publicaremos informa\u00e7\u00f5es atualizadas e a programa\u00e7\u00e3o detalhada. Fique de olho!<\/p>\n\n\n\n\n\n\n\n<p><span style=\"color:#008a00;\"><strong>X Congresso Brasileiro de Metrologia das Radia\u00e7\u00f5es Ionizantes<br><br><\/strong><\/span>O X Congresso Brasileiro de Metrologia das Radia\u00e7\u00f5es Ionizantes (CBMRI) aconteder\u00e1 na <span style=\"color:#ff9900;\"><strong>SALA LARANJA<\/strong><\/span>. <br>Confira a programa\u00e7\u00e3o detalhada dia-a-dia.<\/p><p><br><\/p>\n\n\n\n<h2>Confira a programa\u00e7\u00e3o dia a dia<\/h2>\n\n<p class=\"MsoNormal\">Al\u00e9m dos cursos de atualiza\u00e7\u00e3o e das palestras e confer\u00eancias de interesse geral, a programa\u00e7\u00e3o da RADIO 2024 inclui mesas redondas em salas simult\u00e2neas onde ser\u00e3o abordadas diferentes tem\u00e1ticas para os diversos p\u00fablicos.<\/p>\n\n\n\n\n\n\n\n\n\n\n\n\n\n\n\n\n\n\n\n\n\n\n\n\n\n\n\n\n\n\n\n\n","protected":false},"excerpt":{"rendered":"","protected":false},"author":1,"featured_media":0,"parent":0,"menu_order":0,"comment_status":"closed","ping_status":"closed","template":"","meta":{"pagelayer_contact_templates":[],"_pagelayer_content":"","footnotes":""},"class_list":["post-358","page","type-page","status-publish","hentry"],"_links":{"self":[{"href":"https:\/\/sbpr.org.br\/radio2024\/wp-json\/wp\/v2\/pages\/358","targetHints":{"allow":["GET"]}}],"collection":[{"href":"https:\/\/sbpr.org.br\/radio2024\/wp-json\/wp\/v2\/pages"}],"about":[{"href":"https:\/\/sbpr.org.br\/radio2024\/wp-json\/wp\/v2\/types\/page"}],"author":[{"embeddable":true,"href":"https:\/\/sbpr.org.br\/radio2024\/wp-json\/wp\/v2\/users\/1"}],"replies":[{"embeddable":true,"href":"https:\/\/sbpr.org.br\/radio2024\/wp-json\/wp\/v2\/comments?post=358"}],"version-history":[{"count":42,"href":"https:\/\/sbpr.org.br\/radio2024\/wp-json\/wp\/v2\/pages\/358\/revisions"}],"predecessor-version":[{"id":558,"href":"https:\/\/sbpr.org.br\/radio2024\/wp-json\/wp\/v2\/pages\/358\/revisions\/558"}],"wp:attachment":[{"href":"https:\/\/sbpr.org.br\/radio2024\/wp-json\/wp\/v2\/media?parent=358"}],"curies":[{"name":"wp","href":"https:\/\/api.w.org\/{rel}","templated":true}]}}