{"id":425,"date":"2024-09-08T20:31:38","date_gmt":"2024-09-08T20:31:38","guid":{"rendered":"https:\/\/sbpr.org.br\/radio2024\/?page_id=425"},"modified":"2024-10-16T03:56:53","modified_gmt":"2024-10-16T03:56:53","slug":"17-de-outubro","status":"publish","type":"page","link":"https:\/\/sbpr.org.br\/radio2024\/programacao\/17-de-outubro\/","title":{"rendered":"17 de outubro"},"content":{"rendered":"\n\n\n<h1><strong style=\"color: rgb(255, 255, 255);\">17 de outubro<\/strong><\/h1>\n\n\n\n\n\n\n\n\n\n\n\n\n\n<h4>8h00 a 9h00 &#8211; Cursos de atualiza\u00e7\u00e3o profissional<\/h4>\n\n\n<p style=\"text-align: justify;\"><span style=\"color:#0066cc;\"><strong>Sala Azul &#8211;<\/strong><\/span> Inova\u00e7\u00e3o e Propriedade Intelectual na \u00e1rea nuclear: a experi\u00eancia da CNEN<\/p><p style=\"text-align: justify;\">Daniela Archila (CNEN)<br><br><\/p><p style=\"text-align: justify;\"><span style=\"color: rgb(0, 138, 0);\"><span style=\"font-weight: 700;\">Sala verde<\/span><\/span><span style=\"font-weight: 700;\"><\/span>&nbsp;&#8211; Auditoria no Servi\u00e7o de Radioprote\u00e7\u00e3o na pr\u00e1tica de MN<\/p><div style=\"text-align: justify;\">Gabriel Jabarra &#8211; Jabarra Radioprote\u00e7\u00e3o<\/div><p style=\"text-align: justify;\"><strong><br><\/strong><\/p><p><\/p><p style=\"text-align: justify;\"><span style=\"color:#e60000;\"><strong>Sala Vermelha<\/strong><\/span> &#8211; Prote\u00e7\u00e3o F\u00edsica de Fontes Radioativas e Instala\u00e7\u00f5es Radiativas Associadas<\/p><p style=\"text-align: justify;\">Alexandre Roza de Lima, Victor de Castro Vasconcelos, Jos\u00e9lio Monteiro Filho<\/p><p style=\"text-align: justify;\"><br><\/p>\n\n\n\n\n\n<h4>9h00 a 10h00 &#8211;\u00a0Round Table &#8211; MR1<\/h4>\n\n\n<p style=\"text-align: justify;\"><span style=\"color:#0066cc;\"><strong>Sala Azul &#8211;<\/strong><\/span>&nbsp;Aplica\u00e7\u00f5es m\u00e9dicas<br><\/p><p style=\"text-align: justify;\">Desafios atuais e perspectivas em Radiologia<br>CBR \u2013 Alair Sarmet<strong><br><\/strong><\/p><p style=\"text-align: justify;\">VISA RJ \u2013 Leonardo Curvello<br>ANVISA \u2013 Cristina Quemelo<br><\/p><p style=\"text-align: justify;\"><strong>Palestra seguida de discuss\u00e3o<\/strong><\/p><p style=\"text-align: justify;\"><strong><br><\/strong><\/p><p style=\"text-align: justify;\"><span style=\"color:#008a00;\"><strong>Sala Verde &#8211;<\/strong><\/span>&nbsp;Aplica\u00e7\u00f5es industriais:&nbsp;&nbsp;Inova\u00e7\u00f5es e Desafios na Era da Tecnologia<strong><br><\/strong><\/p><p style=\"text-align: justify;\"><strong>Moderador: <\/strong>Marcelo Santo Nicola (CGMI\/CNEN)<br><br><\/p><p style=\"text-align: justify;\"><strong>Palestra 1:&nbsp;<\/strong>Seguran\u00e7a Radiol\u00f3gica em Servi\u00e7os de Radiografia Industrial<strong><br>Palestrante:&nbsp;<\/strong>Wilton Jos\u00e9 da Silva (BRASIL INSPECT)<br><br><span style=\"font-weight: 700;\">Palestra 2:&nbsp;<\/span>Situa\u00e7\u00e3o de Emerg\u00eancia na Radiologia Industrial: Import\u00e2ncia dos Simulados<span style=\"font-weight: 700;\"><br>Palestrante:&nbsp;<\/span>Anderson Cardoso e Anderson Aziz (RADIOSCAN \/ ATOMOS)<br><br><span style=\"font-weight: 700;\">Palestra 3:&nbsp;<\/span>Desafios da \u00c1rea de Monitora\u00e7\u00e3o com Respeito \u00e0 Calibra\u00e7\u00e3o e Fontes de Aferi\u00e7\u00e3o: Principais Problemas e Solu\u00e7\u00f5es<span style=\"font-weight: 700;\"><br>Palestrante:&nbsp;<\/span>Karla Cristina de Souza Patr\u00e3o&nbsp;(IRD\/CNEN)<br><\/p><p style=\"text-align: justify;\"><strong><br><\/strong><\/p><p style=\"text-align: justify;\"><span style=\"color:#e60000;\"><strong>Sala Vermelha<\/strong><\/span> &#8211; Atividades do Foro Iberoamericano de Organismos Reguladores Radiol\u00f3gicos e Nucleares<\/p><p style=\"text-align: justify;\">Ricardo Fraga Guterres (CNEN)<br>Alessandro Facure (DRS\/CNEN)<br>Samira Marques de Carvalho (CGMI\/CNEN)<br>Ge\u00f3rgia Santos Joana (CGMI\/CNEN)<br><\/p>\n\n\n\n\n\n<h4>10h00 a 11h00 &#8211; Round Table &#8211; MR2<\/h4>\n\n\n<p style=\"text-align: justify;\"><span style=\"color:#0066cc;\"><strong>Sala Azul<\/strong><\/span> &#8211; Aplica\u00e7\u00f5es M\u00e9dicas: desafios da prote\u00e7\u00e3o radiol\u00f3gica e aplica\u00e7\u00f5es inovadoras em pa\u00edses de l\u00edngua portuguesa<\/p><p style=\"text-align: justify;\">Pedro Vaz (Universidade de Coimbra, Portugal)<br>Ge\u00f3rgia Santos Joana (CGMI\/CNEN)<br>Ricardo Mussica (ANEA, Mo\u00e7ambique)<\/p><p style=\"text-align: justify;\"><strong><br><\/strong><\/p><p style=\"text-align: justify;\"><span style=\"color:#008a00;\"><strong>Sala Verde<\/strong><\/span>&nbsp;&#8211; Aplica\u00e7\u00f5es industriais:&nbsp;&nbsp;Desafios no descomissionamento de instala\u00e7\u00f5es radiativas em aplica\u00e7\u00f5es industriais para ensaios n\u00e3o destrutivos<\/p><p style=\"text-align: justify;\"><span style=\"font-weight: 700;\">Moderador:&nbsp;<\/span>Francisco C\u00e9sar Augusto da Silva (IRD\/CNEN)<br><br><\/p><p style=\"text-align: justify;\"><span style=\"font-weight: 700;\">Palestra 1:&nbsp;<\/span>Descomissionamento de Instala\u00e7\u00f5es Radiativas<span style=\"font-weight: 700;\"><br>Palestrante:&nbsp;<\/span>M\u00e1rio de Boita&nbsp; (ARCTEST)<br><br><span style=\"font-weight: 700;\">Palestra 2:&nbsp;<\/span>Apresenta\u00e7\u00e3o da Norma e Pontos Importantes a Serem Seguidos \u2013 Norma 3.01 \/6.02<span style=\"font-weight: 700;\"><br>Palestrante:&nbsp;<\/span>Cintia Melazo Dias (CGMI\/CNEN)<br><br><span style=\"font-weight: 700;\">Palestra 3:&nbsp;<\/span>Preocupa\u00e7\u00f5es e Contradi\u00e7\u00f5es Segundo a Vis\u00e3o dos Regulados<span style=\"font-weight: 700;\"><br>Palestrante:&nbsp;<\/span>Jo\u00e3o Carlos Siervo (RADIONIZA)<br><\/p><div><br><\/div><p style=\"text-align: justify;\"><strong><br><\/strong><\/p><p style=\"text-align: justify;\"><strong style=\"color: rgb(230, 0, 0);\">Sala Vermelha &#8211;&nbsp;<\/strong>Sistema de Prote\u00e7\u00e3o F\u00edsica de Instala\u00e7\u00f5es Radiativas: Abordagem Regulat\u00f3ria conforme Norma CNEN NN 2.06<\/p><p style=\"text-align: justify;\">&nbsp;<strong><br>Moderador: <\/strong>Jos\u00e9lio Monteiro Filho&nbsp;<br><strong><br>Palestra 1:<\/strong> Prote\u00e7\u00e3o F\u00edsica em Instala\u00e7\u00f5es Radiativas: Conquistas e Desafios Cinco Anos Ap\u00f3s a publica\u00e7\u00e3o da Norma CNEN-NN-2.06<strong><br>Palestrante:<\/strong> Alexandre Roza de Lim<strong><br><br>Palestra 2:<\/strong> Prote\u00e7\u00e3o F\u00edsica em Irradiadores de Sangue: Requisitos de Seguran\u00e7a,&nbsp; Controle de Riscos e Boas Pr\u00e1ticas<strong><br><\/strong><\/p><p style=\"text-align: justify;\"><strong>Palestrante:<\/strong> Tiago Chaud de Paula<strong><br><br>Palestra 3:<\/strong>&nbsp;Prote\u00e7\u00e3o F\u00edsica no Irradiadores de Grande Porte Sterigenics: Desafios, Boas Pr\u00e1ticas e Conquistas<strong><br>Palestrante:<\/strong> Gilmara Castro De Luca<br><\/p>\n\n\n\n\n\n<h4>11h00 a 11h30<\/h4>\n\n\n\n<p [object NamedNodeMap]>Coffee Break &amp; Poster<\/p>\n\n\n\n\n\n\n<h4>11h30 a 13h00 &#8211; Sess\u00e3o Plen\u00e1ria<\/h4>\n\n\n<p style=\"text-align: justify;\"><strong>Audit\u00f3rio principal &#8211; <\/strong><strong>Protonterapia: um avan\u00e7o&nbsp; necess\u00e1rio na radioterapia<\/strong><strong><br>Palestra: <\/strong>Estat\u00edsticas Globais: Impacto e Ado\u00e7\u00e3o da Tecnologia Nuclear ao Redor do Mundo <strong><br>Palestrante:<\/strong> Alessandro Facure (DRS\/CNEN).<br><br><\/p><p style=\"text-align: justify;\"><span style=\"font-weight: 700;\">Palestra:&nbsp;<\/span>Desafios e Oportunidades no Processo Regulat\u00f3rio&nbsp;<br><span style=\"font-weight: 700;\">Palestrante:<\/span>&nbsp;Camila Salata (CGMI\/CNEN)<br><br><span style=\"font-weight: 700;\">Palestra:&nbsp;<\/span>O Mercado da Protonterapia: Tend\u00eancias e Perspectivas para o Futuro&nbsp;<br><span style=\"font-weight: 700;\">Palestrante:<\/span>&nbsp;&nbsp;H\u00e9lio Salmon (IBA)<br><\/p>\n\n\n\n\n\n<h4>13h00 a 14h30<\/h4>\n\n\n\n<p [object NamedNodeMap]>Almo\u00e7o<br><\/p>\n\n\n\n\n\n\n<h4>14h30 a 15h30 &#8211; Round Table &#8211; MR3\u00a0<\/h4>\n\n\n<p style=\"text-align: justify;\"><span style=\"color:#0066cc;\"><strong>Sala Azul <\/strong><\/span>&#8211; Aplica\u00e7\u00f5es m\u00e9dicas<br><\/p><p style=\"text-align: justify;\">Terapia por radionucl\u00eddeos em MN: inova\u00e7\u00f5es, m\u00e9todos de dosimetria cl\u00ednica<br>na Europa &#8211; Pedro Vaz ((Universidade de Lisboa, Portugal)<br>no Brasil \u2013 S\u00e9rgio Souza dos Santos (HU\/UFRJ)<br><br><\/p><p style=\"text-align: justify;\"><strong>Palestra seguida de discuss\u00e3o<\/strong><\/p><p style=\"text-align: justify;\"><strong><br><\/strong><\/p><p style=\"text-align: justify;\"><span style=\"color:#008a00;\"><strong>Sala Verde<\/strong><\/span> &#8211; Aplica\u00e7\u00f5es industriais:&nbsp;&nbsp;Radioinspe\u00e7\u00e3o de Seguran\u00e7a com Aceleradores: Desafios e Solu\u00e7\u00f5es na Inspe\u00e7\u00e3o de Cargas e Cont\u00eaineres<\/p><p style=\"text-align: justify;\"><span style=\"font-weight: 700;\">Moderador:&nbsp;<\/span>Paulo Eduardo Rabello de Lima (NUTECH DO BRASIL)<br><br><\/p><p style=\"text-align: justify;\"><span style=\"font-weight: 700;\">Palestra 1:&nbsp;<\/span>Maximizando a Efici\u00eancia dos Equipamentos \u201cBackscatter\u201d na Seguran\u00e7a P\u00fablica: Impactos e Desafios<span style=\"font-weight: 700;\"><br>Palestrante:&nbsp;<\/span>Samuel Queiroz Pelegrineli (EBCO)<br><br><span style=\"font-weight: 700;\">Palestra 2:&nbsp;<\/span>Vis\u00e3o sobre as Pr\u00e1ticas de Inspe\u00e7\u00e3o Corporal no Brasil: Benef\u00edcios e Desafios<span style=\"font-weight: 700;\"><br>Palestrante:&nbsp;<\/span>Claudionor Figueiredo Borges (VMI)<br><br><span style=\"font-weight: 700;\">Palestra 3:&nbsp;<\/span>Impactos e Desafios da Prote\u00e7\u00e3o Radiol\u00f3gica Decorrentes da Nova Coana na Inspe\u00e7\u00e3o de Cargas e Cont\u00eaineres<span style=\"font-weight: 700;\"><br>Palestrante:&nbsp;<\/span>F\u00e1bio de Oliveira Neves (EBCO)<br><br><span style=\"font-weight: 700;\">Palestra 4:&nbsp;<\/span>Vis\u00e3o do \u00d3rg\u00e3o Regulador<span style=\"font-weight: 700;\"><br>Palestrante:&nbsp;<\/span>Caio Caraciolo Rodrigues Elias (CGMI\/CNEN)<br><\/p><p style=\"text-align: justify;\"><strong><br><\/strong><\/p><p style=\"text-align: justify;\"><span style=\"color:#e60000;\"><strong>Sala Vermelha<\/strong><\/span> &#8211; Desafios e Estrat\u00e9gias Eficazes no Controle de Fontes Radioativas<\/p><p style=\"text-align: justify;\">Josilto de Aquino (CNEN\/SBPR)<br>Sidney Cunha (SCHLUMBERGER)<br>Camila Salata (CGMI\/CNEN)<br>Wilton J. Silva (BRASIL INSPECT)<br>Camila Ara\u00fajo (Maxim\/WINS)<br><\/p><p style=\"text-align: justify;\"><br><\/p>\n\n\n\n\n\n<h4>15h30 a 17h00 &#8211; Sess\u00e3o t\u00e9cnica\/Apresenta\u00e7\u00f5es orais<\/h4>\n\n\n<p style=\"text-align: justify;\"><span style=\"color:#0066cc;\"><strong>Sala Azul <\/strong><\/span>&#8211; <font color=\"#0066cc\">ST7 &#8211; Radioprote\u00e7\u00e3o Ocupacional na Ind\u00fastria<\/font><\/p><p style=\"text-align: justify;\">63 &#8211; Ac\u00famulo de NORM em Equipamentos de Plataformas de Petr\u00f3leo<\/p><p style=\"text-align: justify;\">13 &#8211; Auditoria, Compliance e a nova norma CNEN NN 3.01\/2024<\/p><p style=\"text-align: justify;\">62 &#8211; Correla\u00e7\u00e3o entre concentra\u00e7\u00e3o de atividade e taxa de dose para material radioativo natural<\/p><p style=\"text-align: justify;\">71 &#8211; NORM Management in Brazilian Scrap Metal<\/p><p style=\"text-align: justify;\">60 &#8211; NORM NAS INSTALA\u00c7\u00d5ES DE \u00d3LEO E G\u00c1S<\/p><p style=\"text-align: justify;\">67 &#8211; Inova\u00e7\u00e3o em Seguran\u00e7a: Treinamento Online em Prote\u00e7\u00e3o Radiol\u00f3gica&nbsp; &nbsp;no Sirius<\/p><p style=\"text-align: justify;\">113 &#8211; Proposta de protocolos de orienta\u00e7\u00f5es em prote\u00e7\u00e3o radiol\u00f3gica aplicado a radioiodoterapia<\/p><p style=\"text-align: justify;\"><strong><br><\/strong><\/p><p style=\"text-align: justify;\"><span style=\"color:#008a00;\"><strong>Sala Verde<\/strong><\/span> &#8211; <font color=\"#008a00\">ST8 &#8211; Radioprote\u00e7\u00e3o Ocupacional na Ind\u00fastria e Seguran\u00e7a de Fontes e Gest\u00e3o de Rejeitos<\/font><\/p><p style=\"text-align: justify;\">1 &#8211; Proposta de Equa\u00e7\u00e3o para Estimativa da Dose Efetiva Comprometida devido \u00e0 inala\u00e7\u00e3o de particulado proveniente de opera\u00e7\u00f5es de instala\u00e7\u00f5es M\u00ednero-Industriais<\/p><p style=\"text-align: justify;\">68 &#8211; EXPORTA\u00c7\u00c3O DE REJEITO RADIOATIVO CONTENDO NORM<\/p><p style=\"text-align: justify;\">53 &#8211; Geopolymer as a solidification matrix for organic radioactive waste<\/p><p style=\"text-align: justify;\">64 &#8211; Projeto para constru\u00e7\u00e3o do Local de Armazenamento de Fontes Radioativas na pr\u00e1tica de Medidores Nucleares<\/p><p style=\"text-align: justify;\">52 &#8211; Proposal of NORM management strategies<\/p><p style=\"text-align: justify;\">65 &#8211; LIMPEZA EM TUBULA\u00c7\u00c3O COM INDICATIVO DE NORM NO DESCOMISSIONAMENTO DE PLATAFORMAS<\/p><p style=\"text-align: justify;\">135 &#8211; Avalia\u00e7\u00e3o da Qualidade da Imagem do Equipamento de Mamografia no Hospital Central de Maputo (HCM)<\/p><p style=\"text-align: justify;\"><strong><br><\/strong><\/p><p style=\"text-align: justify;\"><span style=\"color:#e60000;\"><strong>Sala Vermelha<\/strong><\/span> &#8211; <font color=\"#e60000\">ST9 &#8211; Seguran\u00e7a de Reatores e Tecnologia de Materiais<\/font><\/p><p style=\"text-align: justify;\">29 &#8211; Enabling Radioprotection and Nuclear Safety for SMRs in the Brazilian Energy Transition&nbsp;<\/p><p style=\"text-align: justify;\">84 &#8211; Tecido de aramida impregnado com fluido n\u00e3o-newtoniano aplicado a blindagem bal\u00edstica e radiol\u00f3gica<\/p><p style=\"text-align: justify;\">169 &#8211; THE ROLE OF SMALL MODULAR REACTORS IN ENHANCING GLOBAL ENERGY SECURITY<br><\/p><p style=\"text-align: justify;\">159 &#8211; Investigating the Impact of Gold Nanoparticles on Fricke&nbsp; Xylenol Gel Dosimeter Sensitivity<\/p><p style=\"text-align: justify;\">130 &#8211; PROJETO DE UM N\u00daCLEO PARA UM MICRORREATORES PWR COM COMBUST\u00cdVEL MOX<\/p><p style=\"text-align: justify;\">69 &#8211; RADIOFOBIA<\/p><p style=\"text-align: justify;\">158 &#8211; Radon Exhalation Rate Measurement in Amazon Forest Soil.<\/p><p style=\"text-align: justify;\">160 &#8211; Requisitos t\u00e9cnicos para aprova\u00e7\u00e3o de um servi\u00e7o de monitora\u00e7\u00e3o individual externa em Mo\u00e7ambique<\/p><div style=\"text-align: justify;\"><br><\/div>\n\n\n\n\n\n<h4>17h00 a 17h30<\/h4>\n\n\n<p style=\"text-align: justify;\">Coffee Break &amp; Poster<br><\/p>\n\n\n\n\n\n<h4>17h30 a 18h00<\/h4>\n\n\n\n<p [object NamedNodeMap]><strong>Audit\u00f3rio principal <\/strong>&#8211; Sess\u00e3o plen\u00e1ria de encerramento<br><\/p>\n\n\n\n\n\n\n\n","protected":false},"excerpt":{"rendered":"","protected":false},"author":1,"featured_media":0,"parent":358,"menu_order":0,"comment_status":"closed","ping_status":"closed","template":"","meta":{"pagelayer_contact_templates":[],"_pagelayer_content":"","footnotes":""},"class_list":["post-425","page","type-page","status-publish","hentry"],"_links":{"self":[{"href":"https:\/\/sbpr.org.br\/radio2024\/wp-json\/wp\/v2\/pages\/425","targetHints":{"allow":["GET"]}}],"collection":[{"href":"https:\/\/sbpr.org.br\/radio2024\/wp-json\/wp\/v2\/pages"}],"about":[{"href":"https:\/\/sbpr.org.br\/radio2024\/wp-json\/wp\/v2\/types\/page"}],"author":[{"embeddable":true,"href":"https:\/\/sbpr.org.br\/radio2024\/wp-json\/wp\/v2\/users\/1"}],"replies":[{"embeddable":true,"href":"https:\/\/sbpr.org.br\/radio2024\/wp-json\/wp\/v2\/comments?post=425"}],"version-history":[{"count":27,"href":"https:\/\/sbpr.org.br\/radio2024\/wp-json\/wp\/v2\/pages\/425\/revisions"}],"predecessor-version":[{"id":584,"href":"https:\/\/sbpr.org.br\/radio2024\/wp-json\/wp\/v2\/pages\/425\/revisions\/584"}],"up":[{"embeddable":true,"href":"https:\/\/sbpr.org.br\/radio2024\/wp-json\/wp\/v2\/pages\/358"}],"wp:attachment":[{"href":"https:\/\/sbpr.org.br\/radio2024\/wp-json\/wp\/v2\/media?parent=425"}],"curies":[{"name":"wp","href":"https:\/\/api.w.org\/{rel}","templated":true}]}}