{"id":85,"date":"2024-02-12T15:27:05","date_gmt":"2024-02-12T15:27:05","guid":{"rendered":"https:\/\/sbpr.org.br\/radio2024\/?page_id=85"},"modified":"2024-09-27T12:19:27","modified_gmt":"2024-09-27T12:19:27","slug":"home-radio","status":"publish","type":"page","link":"https:\/\/sbpr.org.br\/radio2024\/","title":{"rendered":"Home"},"content":{"rendered":"\n\n\n\n<h1>International Joint Conference<\/h1>\n\n\n<h1><font color=\"#2a83f9\">RADIO 2024<\/font>\u00a0<\/h1>\n\n\n<p><font color=\"#eeece1\"><b>14 a 18 de outubro de 2024<\/b><\/font><\/p>\n\n\n<h3 style=\"\"><font color=\"#f3f4f3\"><strong><\/strong>Seguran\u00e7a Radiol\u00f3gica na Era da Informa\u00e7\u00e3o:&nbsp;<\/font><\/h3><h3 style=\"\"><font color=\"#f3f4f3\"><strong><\/strong>estabelecendo adequados processos de comunica\u00e7\u00e3o<\/font><\/h3>\n\n\n\n\n\n\n\n\n\n\n<h4>X Congresso de Prote\u00e7\u00e3o Contra Radia\u00e7\u00f5es da Comunidade de Pa\u00edses de L\u00edngua Portuguesa<\/h4><h4>X Congresso Internacional de Radioprote\u00e7\u00e3o Industrial<\/h4><h4>X Congresso Brasileiro de Metrologia das Radia\u00e7\u00f5es Ionizantes (CBMRI)<\/h4><h4>VIII Congresso Brasileiro de Prote\u00e7\u00e3o Radiol\u00f3gica<\/h4><h4>II Encontro Nacional de Mulheres do Setor Nuclear<\/h4>\n\n\n\n\n<h2>International Joint Conference RADIO 2024<\/h2>\n\n\n<p style=\"text-align: justify;\">O presidente da SBPR, Dr. Josilto de Aquino, tem a honra de anunciar a realiza\u00e7\u00e3o da 7\u00aa edi\u00e7\u00e3o da International Joint Conference RADIO, a RADIO-2024. Al\u00e9m do VIII Congresso Brasileiro de Prote\u00e7\u00e3o Radiol\u00f3gica, a Confer\u00eancia Conjunta incluir\u00e1 nesta Edi\u00e7\u00e3o o X Congresso Brasileiro de Metrologia das Radia\u00e7\u00f5es Ionizantes (CBMRI), fruto da parceria entre a Sociedade Brasileira de Prote\u00e7\u00e3o Radiol\u00f3gica (SBPR) e a Sociedade Brasileira de Metrologia (SBM). No \u00e2mbito da Confer\u00eancia tamb\u00e9m teremos a d\u00e9cima edi\u00e7\u00e3o do Congresso de Prote\u00e7\u00e3o Contra Radia\u00e7\u00f5es da Comunidade de Pa\u00edses de L\u00edngua Portuguesa, organizado alternadamente no Brasil e em Portugal em parceria com a Sociedade Portuguesa de Prote\u00e7\u00e3o Contra Radia\u00e7\u00f5es (SPPCR), o X Congresso Internacional de Radioprote\u00e7\u00e3o Industrial, em parceria com a Associa\u00e7\u00e3o Brasileira de Ensaios N\u00e3o Destrutivos e Inspe\u00e7\u00e3o (ABENDI), e o II Encontro Nacional de Mulheres do Setor Nuclear,&nbsp; em conjunto com a Women In Nuclear Brazil (WIN-Brasil), uma rede impulsionadora de mulheres brasileiras do setor nuclear e das radia\u00e7\u00f5es, contribuindo para sua participa\u00e7\u00e3o plena nas inst\u00e2ncias t\u00e9cnico-cient\u00edficas e gerenciais, visando a constru\u00e7\u00e3o de uma percep\u00e7\u00e3o positiva das ci\u00eancias nucleares.<br><br><\/p><p style=\"text-align: justify;\">Como nas vers\u00f5es anteriores, a organiza\u00e7\u00e3o conjunta da Confer\u00eancia parte da ideia de que o fortalecimento de uma cultura de prote\u00e7\u00e3o e seguran\u00e7a radiol\u00f3gica passa pela cria\u00e7\u00e3o de oportunidades de di\u00e1logos construtivos entre todas as partes interessadas, envolvidas em atividades relacionadas \u00e0 radia\u00e7\u00e3o, incluindo especialistas em prote\u00e7\u00e3o radiol\u00f3gica, f\u00edsicos, m\u00e9dicos, bem como projetistas e fornecedores de equipamentos.&nbsp;<\/p><p style=\"text-align: justify;\"><br><\/p><p style=\"text-align: justify;\">Ser\u00e1 um encontro destinado a realizar debates e promover a troca de experi\u00eancias relacionadas \u00e0 aplica\u00e7\u00e3o das radia\u00e7\u00f5es ionizantes na ind\u00fastria, na medicina e na pesquisa.&nbsp; E, mais uma vez, trata-se de um encontro oportuno, dada a ado\u00e7\u00e3o de um Novo Marco Regulat\u00f3rio no pa\u00eds, com os preparativos para a nova Autoridade Nacional de Seguran\u00e7a Nuclear (ANSN) e o t\u00e9rmino da Consulta P\u00fablica que discutiu a nova Norma CNEN NN 3.01, tratando dos Requisitos B\u00e1sicos de Radioprote\u00e7\u00e3o e Seguran\u00e7a das Fontes de Radia\u00e7\u00e3o Ionizante. E n\u00e3o podemos esquecer que as normas de Seguran\u00e7a e Prote\u00e7\u00e3o Radiol\u00f3gica e as Recomenda\u00e7\u00f5es Internacionais mencionam sempre a necessidade de peri\u00f3dica reciclagem dos conhecimentos dos que atuam no Servi\u00e7o de Radioprote\u00e7\u00e3o das empresas e institui\u00e7\u00f5es.&nbsp;<\/p><p style=\"text-align: justify;\"><br><\/p><p style=\"text-align: justify;\">Paralelamente \u00e0 Confer\u00eancia ser\u00e3o realizados minicursos que visam proporcionar a atualiza\u00e7\u00e3o profissional em diferentes temas ligados \u00e0 \u00e1rea de radioprote\u00e7\u00e3o. Al\u00e9m da exposi\u00e7\u00e3o de produtos e servi\u00e7os de empresas da \u00e1rea, o programa do evento consistir\u00e1 em confer\u00eancias, mesas redondas, sess\u00f5es tem\u00e1ticas com apresenta\u00e7\u00e3o de trabalhos e sess\u00e3o de posters. Como nas edi\u00e7\u00f5es anteriores, al\u00e9m de representantes da IRPA e da FRALC, a confer\u00eancia contar\u00e1 ainda com a participa\u00e7\u00e3o de destacados palestrantes, dado o tradicional apoio de organiza\u00e7\u00f5es como a AIEA, a OPAS e a OMS.&nbsp;<\/p><p style=\"text-align: justify;\"><br><\/p><p style=\"text-align: justify;\">Ressaltando o vi\u00e9s acad\u00eamico de uma sociedade cient\u00edfica como a SBPR, teremos mais uma importante oportunidade para publica\u00e7\u00e3o de artigos cient\u00edficos, normalmente exigidos e valorizados pelos Programas de P\u00f3s-Gradua\u00e7\u00e3o. O Brazilian Journal of Radiation Sciences, revista cient\u00edfica de acesso aberto diamante, revisada por pares e editada pela SBPR desde o IRPA Regional de 2013, publicar\u00e1 um n\u00famero especial com uma sele\u00e7\u00e3o de trabalhos cient\u00edficos apresentados durante a Confer\u00eancia, desde que submetidos posteriormente \u00e0 revista sob a forma de artigo completo. Considerado de excel\u00eancia nacional, anteriormente de classifica\u00e7\u00e3o A2 apenas para a \u00e1rea Interdisciplinar, passou ao conceito B1 no novo Qualis Peri\u00f3dico da CAPES em todas as \u00e1reas do conhecimento (Qualis \u00fanico), o que refor\u00e7a seu car\u00e1ter multi e interdisciplinar.<\/p><p style=\"text-align: justify;\"><br><\/p><p style=\"text-align: justify;\">Por \u00faltimo, gostar\u00edamos de ressaltar o papel de uma sociedade t\u00e9cnico-cient\u00edfica nas lutas por melhores pol\u00edticas no Pa\u00eds. Segundo Cl\u00e1udia Linhares Sales, Secret\u00e1ria-Geral da Sociedade Brasileira para o Progresso da Ci\u00eancia, entidade da qual a SBPR faz parte, \u00e9 a articula\u00e7\u00e3o com sociedades cient\u00edficas afiliadas que garante a for\u00e7a das demandas da academia ao longo das d\u00e9cadas. \u00c9 com base na necessidade de valoriza\u00e7\u00e3o e fortalecimento dessas organiza\u00e7\u00f5es que contamos desde 2014 com o Marco Regulat\u00f3rio das Organiza\u00e7\u00f5es da Sociedade Civil (MROSC) &#8211; Lei 13.019\/2014.&nbsp;<\/p><p style=\"text-align: justify;\"><br><\/p><p style=\"text-align: justify;\">Associados da SBPR e parceiros poder\u00e3o se beneficiar de inscri\u00e7\u00f5es com tarifas reduzidas. N\u00e3o seja um cientista isolado em uma dada institui\u00e7\u00e3o. Aproveite sua sociedade cient\u00edfica (a scientific professional society) para avan\u00e7ar em sua carreira. Ela \u00e9 uma fonte de novas ideias e de aprendizagem ao longo da vida profissional, abrindo oportunidades para estudantes e pesquisadores. Definimos uma sociedade cient\u00edfica (tamb\u00e9m referida frequentemente como uma sociedade acad\u00eamica) como uma associa\u00e7\u00e3o de pessoas que se re\u00fanem para promover o progresso numa \u00e1rea tecnol\u00f3gica ou cient\u00edfica espec\u00edfica e para facilitar a intera\u00e7\u00e3o de pessoas interessadas a n\u00edvel regional, nacional ou internacional. Tornar-se membro de uma sociedade cient\u00edfica traz in\u00fameros benef\u00edcios para a carreira acad\u00eamica, especialmente para os jovens discentes, al\u00e9m de ser uma importante evid\u00eancia de compromisso com a comunidade cient\u00edfica. Ser membro de uma sociedade cient\u00edfica mant\u00e9m voc\u00ea atualizado sobre o que est\u00e1 acontecendo em seu campo de pesquisa, bem como futuras oportunidades de emprego e\/ou financiamento, como os disponibilizados pelas ag\u00eancias de fomento, descontos em confer\u00eancias cient\u00edficas e, claro, oportunidades de networking e colabora\u00e7\u00e3o, expandindo sua rede profissional.<\/p><p style=\"text-align: justify;\"><br><\/p><p style=\"text-align: justify;\">Se voc\u00ea \u00e9 membro da SBPR, voc\u00ea \u00e9 membro da IRPA, uma voz potente para as disciplinas relacionadas \u00e0s aplica\u00e7\u00f5es das radia\u00e7\u00f5es ionizantes, que necessariamente precisam garantir seguran\u00e7a e prote\u00e7\u00e3o. Pomos \u00eanfase na inclus\u00e3o e na diversidade, incluindo a diversidade geogr\u00e1fica, de g\u00e9nero e de est\u00e1gio de carreira.&nbsp; Al\u00e9m de Secretaria da Mulher e do Jovem Radioprotecionista, a SBPR j\u00e1 conta com Secretarias Regionais no Rio de Janeiro, em Belo Horizonte, S\u00e3o Paulo, Po\u00e7os de Caldas, Goi\u00e2nia, Recife, Curitiba, Teresina, Resende e Salvador.<\/p><p style=\"text-align: justify;\">\u2003<\/p><p style=\"text-align: justify;\">Nosso prop\u00f3sito e aspira\u00e7\u00f5es, como sociedade de profissionais, incluem o fortalecimento de uma cultura de seguran\u00e7a e a melhoria da Prote\u00e7\u00e3o Radiol\u00f3gica, como disciplina cient\u00edfica, nas diversas aplica\u00e7\u00f5es das radia\u00e7\u00f5es na medicina, na ind\u00fastria, na agricultura e na pesquisa, atrav\u00e9s da defesa p\u00fablica e da representa\u00e7\u00e3o perante autoridades governamentais, e da promo\u00e7\u00e3o de redes, partilha de informa\u00e7\u00f5es, orienta\u00e7\u00e3o, oportunidades de carreira, forma\u00e7\u00e3o de lideran\u00e7a e desenvolvimento profissional.<\/p>\n\n\n\n\n\n<h3>Patroc\u00ednio ouro<\/h3>\n\n\n\n\n\n\n\n\n\n\n\n<h3>Patroc\u00ednio prata<\/h3>\n\n\n\n\n\n\n\n\n\n\n<h3>Patroc\u00ednio bronze<\/h3>\n\n\n\n\n\n\n\n\n\n\n\n<h3>Apoio<\/h3>\n\n\n\n\n\n\n\n\n","protected":false},"excerpt":{"rendered":"","protected":false},"author":1,"featured_media":0,"parent":0,"menu_order":0,"comment_status":"closed","ping_status":"closed","template":"","meta":{"pagelayer_contact_templates":[],"_pagelayer_content":"","footnotes":""},"class_list":["post-85","page","type-page","status-publish","hentry"],"_links":{"self":[{"href":"https:\/\/sbpr.org.br\/radio2024\/wp-json\/wp\/v2\/pages\/85","targetHints":{"allow":["GET"]}}],"collection":[{"href":"https:\/\/sbpr.org.br\/radio2024\/wp-json\/wp\/v2\/pages"}],"about":[{"href":"https:\/\/sbpr.org.br\/radio2024\/wp-json\/wp\/v2\/types\/page"}],"author":[{"embeddable":true,"href":"https:\/\/sbpr.org.br\/radio2024\/wp-json\/wp\/v2\/users\/1"}],"replies":[{"embeddable":true,"href":"https:\/\/sbpr.org.br\/radio2024\/wp-json\/wp\/v2\/comments?post=85"}],"version-history":[{"count":112,"href":"https:\/\/sbpr.org.br\/radio2024\/wp-json\/wp\/v2\/pages\/85\/revisions"}],"predecessor-version":[{"id":528,"href":"https:\/\/sbpr.org.br\/radio2024\/wp-json\/wp\/v2\/pages\/85\/revisions\/528"}],"wp:attachment":[{"href":"https:\/\/sbpr.org.br\/radio2024\/wp-json\/wp\/v2\/media?parent=85"}],"curies":[{"name":"wp","href":"https:\/\/api.w.org\/{rel}","templated":true}]}}